{"id":5,"date":"2010-05-06T09:44:04","date_gmt":"2010-05-06T09:44:04","guid":{"rendered":"http:\/\/kunstschmiede.lizak.de\/?page_id=5"},"modified":"2025-06-10T16:48:25","modified_gmt":"2025-06-10T16:48:25","slug":"impressum","status":"publish","type":"page","link":"https:\/\/kunstschmiede.lizak.de\/?page_id=5","title":{"rendered":"Impressum"},"content":{"rendered":"<p><strong>Inhaber der Website:<\/strong><br \/>\nTomasz Lizak<\/p>\n<p><strong>Name und Anschrift des Anbieters:<\/strong><br \/>\nFirma LIZAK<br \/>\nP\u00e4wesiner Weg 19<br \/>\nTel. 030 924 053 84<br \/>\nE-Mail: info@lizak.de<\/p>\n<p><strong>Umsatzsteuer-Identifikationsnummer gem\u00e4\u00df \u00a7 27 a Umsatzsteuergesetz:<\/strong><br \/>\nTomasz Lizak<br \/>\nSt. Nr.: 35\/422\/65405<br \/>\nDE254866162<\/p>\n<p><strong>Haftungshinweis:<\/strong><br \/>\nTrotz sorgf\u00e4ltiger inhaltlicher Kontrolle \u00fcbernehme ich keine Haftung f\u00fcr die Inhalte externer Links. F\u00fcr den Inhalt der verlinkten Seiten sind ausschlie\u00dflich deren Betreiber verantwortlich.<\/p>\n","protected":false},"excerpt":{"rendered":"<p>Inhaber der Website: Tomasz Lizak Name und Anschrift des Anbieters: Firma LIZAK P\u00e4wesiner Weg 19 Tel. 030 924 053 84 E-Mail: info@lizak.de Umsatzsteuer-Identifikationsnummer gem\u00e4\u00df \u00a7 27 a Umsatzsteuergesetz: Tomasz Lizak St. Nr.: 35\/422\/65405 DE254866162 Haftungshinweis: Trotz sorgf\u00e4ltiger inhaltlicher Kontrolle \u00fcbernehme ich keine Haftung f\u00fcr die Inhalte externer Links. F\u00fcr den Inhalt der verlinkten Seiten sind [&hellip;]<\/p>\n","protected":false},"author":2,"featured_media":0,"parent":0,"menu_order":10,"comment_status":"open","ping_status":"open","template":"","meta":{"footnotes":""},"class_list":["post-5","page","type-page","status-publish","hentry"],"_links":{"self":[{"href":"https:\/\/kunstschmiede.lizak.de\/index.php?rest_route=\/wp\/v2\/pages\/5","targetHints":{"allow":["GET"]}}],"collection":[{"href":"https:\/\/kunstschmiede.lizak.de\/index.php?rest_route=\/wp\/v2\/pages"}],"about":[{"href":"https:\/\/kunstschmiede.lizak.de\/index.php?rest_route=\/wp\/v2\/types\/page"}],"author":[{"embeddable":true,"href":"https:\/\/kunstschmiede.lizak.de\/index.php?rest_route=\/wp\/v2\/users\/2"}],"replies":[{"embeddable":true,"href":"https:\/\/kunstschmiede.lizak.de\/index.php?rest_route=%2Fwp%2Fv2%2Fcomments&post=5"}],"version-history":[{"count":5,"href":"https:\/\/kunstschmiede.lizak.de\/index.php?rest_route=\/wp\/v2\/pages\/5\/revisions"}],"predecessor-version":[{"id":103,"href":"https:\/\/kunstschmiede.lizak.de\/index.php?rest_route=\/wp\/v2\/pages\/5\/revisions\/103"}],"wp:attachment":[{"href":"https:\/\/kunstschmiede.lizak.de\/index.php?rest_route=%2Fwp%2Fv2%2Fmedia&parent=5"}],"curies":[{"name":"wp","href":"https:\/\/api.w.org\/{rel}","templated":true}]}}